{"id":12243,"date":"2025-09-08T05:06:49","date_gmt":"2025-09-08T05:06:49","guid":{"rendered":"https:\/\/www.mobshop.top\/?post_type=product&#038;p=12243"},"modified":"2025-09-08T05:06:49","modified_gmt":"2025-09-08T05:06:49","slug":"portable-charger-12000mah-22-5w-usb-c-fast-charging-power-bank-with-built-in-cables-and-ac-wall-plug-smart-led-display-travel-essentials-battery-pack-compatible-with-iphone-ipad-samsung-etc-purple","status":"publish","type":"product","link":"https:\/\/mobicase.top\/index.php\/product\/portable-charger-12000mah-22-5w-usb-c-fast-charging-power-bank-with-built-in-cables-and-ac-wall-plug-smart-led-display-travel-essentials-battery-pack-compatible-with-iphone-ipad-samsung-etc-purple\/","title":{"rendered":"Portable Charger, 12000mAh 22.5W USB C Fast Charging Power Bank with Built-in Cables and AC Wall Plug, Smart LED Display Travel Essentials Battery Pack Compatible with iPhone, iPad, Samsung etc Purple"},"content":{"rendered":"<div id=\"productOverview_feature_div\" class=\"celwidget\" data-feature-name=\"productOverview\" data-csa-c-type=\"widget\" data-csa-c-content-id=\"productOverview\" data-csa-c-slot-id=\"productOverview_feature_div\" data-csa-c-asin=\"B0CJ4Z9VCJ\" data-csa-c-is-in-initial-active-row=\"false\" data-csa-c-id=\"t9yvuv-jtp5q4-qjphpg-wygiqj\" data-cel-widget=\"productOverview_feature_div\">\n<div class=\"a-section a-spacing-small a-spacing-top-small\">\n<table class=\"a-normal a-spacing-micro\" role=\"list\">\n<tbody>\n<tr class=\"a-spacing-small po-connector_type\" role=\"listitem\">\n<td class=\"a-span3\" role=\"presentation\"><span class=\"a-size-base a-text-bold\">Connector Type<\/span><\/td>\n<td class=\"a-span9\" role=\"presentation\"><span class=\"a-size-base po-break-word\">USB Type A, USB Type C<\/span><\/td>\n<\/tr>\n<tr class=\"a-spacing-small po-brand\" role=\"listitem\">\n<td class=\"a-span3\" role=\"presentation\"><span class=\"a-size-base a-text-bold\">Brand<\/span><\/td>\n<td class=\"a-span9\" role=\"presentation\"><span class=\"a-size-base po-break-word\">citicr<\/span><\/td>\n<\/tr>\n<tr class=\"a-spacing-small po-battery.capacity\" role=\"listitem\">\n<td class=\"a-span3\" role=\"presentation\"><span class=\"a-size-base a-text-bold\">Battery Capacity<\/span><\/td>\n<td class=\"a-span9\" role=\"presentation\"><span class=\"a-size-base po-break-word\">12000 Milliamp Hours<\/span><\/td>\n<\/tr>\n<tr class=\"a-spacing-small po-color\" role=\"listitem\">\n<td class=\"a-span3\" role=\"presentation\"><span class=\"a-size-base a-text-bold\">Color<\/span><\/td>\n<td class=\"a-span9\" role=\"presentation\"><span class=\"a-size-base po-break-word\">Purple<\/span><\/td>\n<\/tr>\n<tr class=\"a-spacing-small po-special_feature\" role=\"listitem\">\n<td class=\"a-span3\" role=\"presentation\"><span class=\"a-size-base a-text-bold\">Special Feature<\/span><\/td>\n<td class=\"a-span9\" role=\"presentation\"><span class=\"a-size-base\"><span class=\"a-truncate po-truncate-attribute\" data-a-word-break=\"normal\" data-a-truncate-name=\"po-attribute-truncate-4\" data-a-max-rows=\"3\" data-a-overflow-marker=\"&amp;hellip;\" data-a-recalculate=\"false\" data-a-updated=\"true\"><span class=\"a-truncate-full a-offscreen\">12000mAh High-Capacity Power Bank with Built-in Cables \u2013 Featuring USB-C 20W and SCP 22.5W high-speed charging, this portable charger ensures fast and efficient power delivery for all your devices. Equipped with an AC wall plug (100-240V) for convenient recharging, it supports PD3.0 and QC4.0 fast charging technology. Safe charging and lasting battery performance make it ideal for travel, and it\u2019s airline-approved for peace of mind., Built In Cable, Built In Wall Plug, Digital Display, Fast Charging<\/span><span class=\"a-truncate-cut\" aria-hidden=\"true\">12000mAh High-Capacity Power Bank with Built-in Cables \u2013 Featuring USB-C 20W and SCP 22.5W high-speed charging, this portable charger ensures fast and efficient power delivery for all your devices. Equipped<\/span><\/span><\/span><\/td>\n<\/tr>\n<\/tbody>\n<\/table>\n<\/div>\n<\/div>\n<div id=\"featurebullets_feature_div\" class=\"celwidget\" data-feature-name=\"featurebullets\" data-csa-c-type=\"widget\" data-csa-c-content-id=\"featurebullets\" data-csa-c-slot-id=\"featurebullets_feature_div\" data-csa-c-asin=\"B0CJ4Z9VCJ\" data-csa-c-is-in-initial-active-row=\"false\" data-csa-c-id=\"ugdkza-w2wq8i-uyy0im-rwr6r6\" data-cel-widget=\"featurebullets_feature_div\">\n<div id=\"feature-bullets\" class=\"a-section a-spacing-medium a-spacing-top-small\">\n<hr class=\"a-divider-normal\" aria-hidden=\"true\" \/>\n<h1 class=\"a-size-base-plus a-text-bold\">About this item<\/h1>\n<ul class=\"a-unordered-list a-vertical a-spacing-mini\">\n<li class=\"a-spacing-mini\"><span class=\"a-list-item\">\ud835\udc0f\ud835\udc28\ud835\udc30\ud835\udc1e\ud835\udc2b \ud835\udc01\ud835\udc1a\ud835\udc27\ud835\udc24 \ud835\udc30\ud835\udc22\ud835\udc2d\ud835\udc21 \ud835\udc16\ud835\udc1a\ud835\udc25\ud835\udc25 \ud835\udc0f\ud835\udc25\ud835\udc2e\ud835\udc20\uff1aRecharge the portable charger in two ways: via the built-in AC wall plug (100-240V) for a full charge in 5 hours, or use the Type-C (PD18W) port for a faster 4-hour charge. The power bank can simultaneously charge your phone while recharging the battery pack itself, offering maximum convenience<\/span><\/li>\n<li class=\"a-spacing-mini\"><span class=\"a-list-item\">\ud835\udc14\ud835\udc25\ud835\udc2d\ud835\udc2b\ud835\udc1a-\ud835\udc0f\ud835\udc28\ud835\udc2b\ud835\udc2d\ud835\udc1a\ud835\udc1b\ud835\udc25\ud835\udc1e \ud835\udc30\ud835\udc22\ud835\udc2d\ud835\udc21 \ud835\udc01\ud835\udc2e\ud835\udc22\ud835\udc25\ud835\udc2d-\ud835\udc22\ud835\udc27 \ud835\udc02\ud835\udc1a\ud835\udc1b\ud835\udc25\ud835\udc1e\ud835\udc2c\uff1aDesigned for on-the-go use, this power bank with built-in cable features an ultra-slim profile (0.78 inches thick) and lightweight (0.5 pounds), making the external battery easy to carry in your pocket or palm. With a 12,000mAh capacity, the battery bank provides 2-3 full charges for most smartphones. Built-in USB-C cables eliminate the need for extra cords, ensuring hassle-free travel<\/span><\/li>\n<li class=\"a-spacing-mini\"><span class=\"a-list-item\">\ud835\udc0f\ud835\udc03\ud835\udfd1.\ud835\udfce &amp; \ud835\udc10\ud835\udc02\ud835\udfd2.\ud835\udfce \ud835\udc07\ud835\udc22\ud835\udc20\ud835\udc21-\ud835\udc12\ud835\udc29\ud835\udc1e\ud835\udc1e\ud835\udc1d \ud835\udc02\ud835\udc21\ud835\udc1a\ud835\udc2b\ud835\udc20\ud835\udc22\ud835\udc27\ud835\udc20\uff1aEquipped with three fast-charging ports\u2014USB-A2 (22.5W), built-in USB-C cable (22.5W), and USB-C port (PD20W)\u2014this portable fast charger delivers rapid charging. For example, this fast charging power bank can charge an iPhone 13 from 0% to 50% in just 25 minutes, ensuring your devices are always ready to go<\/span><\/li>\n<li class=\"a-spacing-mini\"><span class=\"a-list-item\">\ud835\udc02\ud835\udc28\ud835\udc26\ud835\udc29\ud835\udc1a\ud835\udc1c\ud835\udc2d &amp; \ud835\udc12\ud835\udc1a\ud835\udc1f\ud835\udc1e \ud835\udc03\ud835\udc1e\ud835\udc2c\ud835\udc22\ud835\udc20\ud835\udc27\uff1aThe USB C battery bank&#8217;s compact size makes the slim portable charger power bank perfect for travel, including air travel. The intelligent protection system of the wall-plug portable charger guards against overcharging, short-circuiting, overheating, and over-discharging, ensuring both safety and optimal performance for your devices<\/span><\/li>\n<li class=\"a-spacing-mini\"><span class=\"a-list-item\">\ud835\udc12\ud835\udc26\ud835\udc1a\ud835\udc2b\ud835\udc2d \ud835\udc0b\ud835\udc04\ud835\udc03 \ud835\udc03\ud835\udc22\ud835\udc20\ud835\udc22\ud835\udc2d\ud835\udc1a\ud835\udc25 \ud835\udc03\ud835\udc22\ud835\udc2c\ud835\udc29\ud835\udc25\ud835\udc1a\ud835\udc32\uff1aThe digital LED display on the front of the charging bank shows the remaining battery level, allowing you to keep track of the plug in power bank&#8217;s charge status and recharge it in time. This feature ensures you always know how much power you have left, providing peace of mind during long trips or busy days<\/span><\/li>\n<li class=\"a-spacing-mini\"><span class=\"a-list-item\">\ud835\udc16\ud835\udc21\ud835\udc1a\ud835\udc2d \ud835\udc18\ud835\udc28\ud835\udc2e \ud835\udc06\ud835\udc1e\ud835\udc2d\uff1a12,000mAh power bank \u00d7 1, Typc-C fast charging cable \u00d7 1, User manual \u00d7 1, CPE pouch for storage and protection \u00d7 1. If you encounter any issues or have questions about our portable charger with built-in cables and wall plug, please feel free to contact us for assistance<\/span><\/li>\n<\/ul>\n<\/div>\n<\/div>\n","protected":false},"excerpt":{"rendered":"<p>Connector Type USB Type A, USB Type C Brand citicr Battery Capacity 12000 Milliamp Hours Color Purple Special Feature 12000mAh<\/p>\n","protected":false},"featured_media":12244,"comment_status":"open","ping_status":"closed","template":"","meta":[],"product_brand":[],"product_cat":[32],"product_tag":[],"class_list":{"0":"post-12243","1":"product","2":"type-product","3":"status-publish","4":"has-post-thumbnail","6":"product_cat-power-bank","8":"first","9":"instock","10":"shipping-taxable","11":"purchasable","12":"product-type-simple"},"_links":{"self":[{"href":"https:\/\/mobicase.top\/index.php\/wp-json\/wp\/v2\/product\/12243","targetHints":{"allow":["GET"]}}],"collection":[{"href":"https:\/\/mobicase.top\/index.php\/wp-json\/wp\/v2\/product"}],"about":[{"href":"https:\/\/mobicase.top\/index.php\/wp-json\/wp\/v2\/types\/product"}],"replies":[{"embeddable":true,"href":"https:\/\/mobicase.top\/index.php\/wp-json\/wp\/v2\/comments?post=12243"}],"version-history":[{"count":1,"href":"https:\/\/mobicase.top\/index.php\/wp-json\/wp\/v2\/product\/12243\/revisions"}],"predecessor-version":[{"id":12248,"href":"https:\/\/mobicase.top\/index.php\/wp-json\/wp\/v2\/product\/12243\/revisions\/12248"}],"wp:featuredmedia":[{"embeddable":true,"href":"https:\/\/mobicase.top\/index.php\/wp-json\/wp\/v2\/media\/12244"}],"wp:attachment":[{"href":"https:\/\/mobicase.top\/index.php\/wp-json\/wp\/v2\/media?parent=12243"}],"wp:term":[{"taxonomy":"product_brand","embeddable":true,"href":"https:\/\/mobicase.top\/index.php\/wp-json\/wp\/v2\/product_brand?post=12243"},{"taxonomy":"product_cat","embeddable":true,"href":"https:\/\/mobicase.top\/index.php\/wp-json\/wp\/v2\/product_cat?post=12243"},{"taxonomy":"product_tag","embeddable":true,"href":"https:\/\/mobicase.top\/index.php\/wp-json\/wp\/v2\/product_tag?post=12243"}],"curies":[{"name":"wp","href":"https:\/\/api.w.org\/{rel}","templated":true}]}}